{"id":868,"date":"2019-01-29T05:28:27","date_gmt":"2019-01-29T07:28:27","guid":{"rendered":"\/\/95.188.69.241\/mywp\/?page_id=868"},"modified":"2023-07-04T17:00:31","modified_gmt":"2023-07-04T20:00:31","slug":"equipe","status":"publish","type":"page","link":"https:\/\/clinicaemsi.com\/?page_id=868","title":{"rendered":"Equipe"},"content":{"rendered":"\t\t<div data-elementor-type=\"wp-post\" data-elementor-id=\"868\" class=\"elementor elementor-868\">\n\t\t\t\t\t\t<section class=\"elementor-section elementor-top-section elementor-element elementor-element-4347aac elementor-section-boxed elementor-section-height-default elementor-section-height-default\" data-id=\"4347aac\" data-element_type=\"section\" data-e-type=\"section\">\n\t\t\t\t\t\t<div class=\"elementor-container elementor-column-gap-wider\">\n\t\t\t\t\t<div class=\"elementor-column elementor-col-33 elementor-top-column elementor-element elementor-element-16700ca\" data-id=\"16700ca\" data-element_type=\"column\" data-e-type=\"column\">\n\t\t\t<div class=\"elementor-widget-wrap elementor-element-populated\">\n\t\t\t\t\t\t<div class=\"elementor-element elementor-element-6c31e87 elementor-widget elementor-widget-arrigo-widget-team-member\" data-id=\"6c31e87\" data-element_type=\"widget\" data-e-type=\"widget\" data-widget_type=\"arrigo-widget-team-member.default\">\n\t\t\t\t<div class=\"elementor-widget-container\">\n\t\t\t\t\t\t\t\t<div class=\"figure-member\">\n\t\t\t\t\t\t\t\t\t<div class=\"figure-member__avatar\">\n\t\t\t\t\t\t\t\t\t\t\t\t\t\t\t\t\t\t<div class=\"position-relative lazy\"  style=\"padding-bottom: calc( (512 \/ 512) * 100% ); height: 0;\">\n\t\t\t\t\t\t\t\t\t\t\t\t\t\t\t\t\t\t<img fetchpriority=\"high\" decoding=\"async\" class=\" of-cover\" src=\"data:image\/png;base64,iVBORw0KGgoAAAANSUhEUgAAAAEAAAABCAQAAAHCGzyUAAAABGdBTUEAALGPC\/xhBQAAADhlWElmTU0AKgAAAAgAAYdpAAQAAAABAAAAGgAAAAAAAqACAAQAAAABAAAAAaADAAQAAAABAAAAAQAAAADa6r\/EAAAAC0lEQVQI12NolQQAASYAn89qhTcAAAAASUVORK5CYII=\" data-src=\"https:\/\/clinicaemsi.com\/wp-content\/uploads\/2023\/07\/dani-garioli.webp\" width=\"512\" height=\"512\" data-srcset=\"https:\/\/clinicaemsi.com\/wp-content\/uploads\/2023\/07\/dani-garioli.webp 512w, https:\/\/clinicaemsi.com\/wp-content\/uploads\/2023\/07\/dani-garioli-300x300.webp 300w, https:\/\/clinicaemsi.com\/wp-content\/uploads\/2023\/07\/dani-garioli-150x150.webp 150w\" data-sizes=\"(max-width: 512px) 100vw, 512px\" alt=\"\"\/>\n\t\t\t\t\t\t\t\t\t\t\t\t\t\t<\/div>\n\t\t\t\t\t\t\t\t\t\t<\/div>\n\t\t\t\t\t\t\t\t\t\t\t\t\t<div class=\"figure-member__headline\"><\/div>\n\t\t\t\t\t<div class=\"figure-member__footer\">\n\t\t\t\t\t\t\t\t\t\t\t\t\t<h3 >Dra. Daniele Garioli<\/h3>\n\t\t\t\t\t\t\t\t\t\t\t\t\t\t\t\t\t\t\t<div class=\"figure-member__position\">\n\t\t\t\t\t\t\t\t<span >Doutora em Psicologia<\/span>\n\t\t\t\t\t\t\t<\/div>\n\t\t\t\t\t\t\t\t\t\t\t\t\t\t\t\t\t<\/div>\n\t\t\t\t\t\t\t<\/div>\n\t\t\t\t\t\t<\/div>\n\t\t\t\t<\/div>\n\t\t\t\t\t<\/div>\n\t\t<\/div>\n\t\t\t\t<div class=\"elementor-column elementor-col-33 elementor-top-column elementor-element elementor-element-68dfd22\" data-id=\"68dfd22\" data-element_type=\"column\" data-e-type=\"column\">\n\t\t\t<div class=\"elementor-widget-wrap elementor-element-populated\">\n\t\t\t\t\t\t<div class=\"elementor-element elementor-element-db53e3b elementor-widget elementor-widget-arrigo-widget-team-member\" data-id=\"db53e3b\" data-element_type=\"widget\" data-e-type=\"widget\" data-widget_type=\"arrigo-widget-team-member.default\">\n\t\t\t\t<div class=\"elementor-widget-container\">\n\t\t\t\t\t\t\t\t<div class=\"figure-member\">\n\t\t\t\t\t\t\t\t\t<div class=\"figure-member__avatar\">\n\t\t\t\t\t\t\t\t\t\t\t\t\t\t\t\t\t\t<div class=\"position-relative lazy\"  style=\"padding-bottom: calc( (512 \/ 512) * 100% ); height: 0;\">\n\t\t\t\t\t\t\t\t\t\t\t\t\t\t\t\t\t\t<img decoding=\"async\" class=\" of-cover\" src=\"data:image\/png;base64,iVBORw0KGgoAAAANSUhEUgAAAAEAAAABCAQAAAHCGzyUAAAABGdBTUEAALGPC\/xhBQAAADhlWElmTU0AKgAAAAgAAYdpAAQAAAABAAAAGgAAAAAAAqACAAQAAAABAAAAAaADAAQAAAABAAAAAQAAAADa6r\/EAAAAC0lEQVQI12NolQQAASYAn89qhTcAAAAASUVORK5CYII=\" data-src=\"https:\/\/clinicaemsi.com\/wp-content\/uploads\/2023\/07\/layza.webp\" width=\"512\" height=\"512\" data-srcset=\"https:\/\/clinicaemsi.com\/wp-content\/uploads\/2023\/07\/layza.webp 512w, https:\/\/clinicaemsi.com\/wp-content\/uploads\/2023\/07\/layza-300x300.webp 300w, https:\/\/clinicaemsi.com\/wp-content\/uploads\/2023\/07\/layza-150x150.webp 150w\" data-sizes=\"(max-width: 512px) 100vw, 512px\" alt=\"\"\/>\n\t\t\t\t\t\t\t\t\t\t\t\t\t\t<\/div>\n\t\t\t\t\t\t\t\t\t\t<\/div>\n\t\t\t\t\t\t\t\t\t\t\t\t\t<div class=\"figure-member__headline\"><\/div>\n\t\t\t\t\t<div class=\"figure-member__footer\">\n\t\t\t\t\t\t\t\t\t\t\t\t\t<h3 >Layza Bahiense<\/h3>\n\t\t\t\t\t\t\t\t\t\t\t\t\t\t\t\t\t\t\t<div class=\"figure-member__position\">\n\t\t\t\t\t\t\t\t<span >Neuropsicopedagoga<\/span>\n\t\t\t\t\t\t\t<\/div>\n\t\t\t\t\t\t\t\t\t\t\t\t\t\t\t\t\t<\/div>\n\t\t\t\t\t\t\t<\/div>\n\t\t\t\t\t\t<\/div>\n\t\t\t\t<\/div>\n\t\t\t\t\t<\/div>\n\t\t<\/div>\n\t\t\t\t<div class=\"elementor-column elementor-col-33 elementor-top-column elementor-element elementor-element-cfcadef\" data-id=\"cfcadef\" data-element_type=\"column\" data-e-type=\"column\">\n\t\t\t<div class=\"elementor-widget-wrap elementor-element-populated\">\n\t\t\t\t\t\t<div class=\"elementor-element elementor-element-ff054fd elementor-widget elementor-widget-arrigo-widget-team-member\" data-id=\"ff054fd\" data-element_type=\"widget\" data-e-type=\"widget\" data-widget_type=\"arrigo-widget-team-member.default\">\n\t\t\t\t<div class=\"elementor-widget-container\">\n\t\t\t\t\t\t\t\t<div class=\"figure-member\">\n\t\t\t\t\t\t\t\t\t<div class=\"figure-member__avatar\">\n\t\t\t\t\t\t\t\t\t\t\t\t\t\t\t\t\t\t<div class=\"position-relative lazy\"  style=\"padding-bottom: calc( (512 \/ 512) * 100% ); height: 0;\">\n\t\t\t\t\t\t\t\t\t\t\t\t\t\t\t\t\t\t<img decoding=\"async\" class=\" of-cover\" src=\"data:image\/png;base64,iVBORw0KGgoAAAANSUhEUgAAAAEAAAABCAQAAAHCGzyUAAAABGdBTUEAALGPC\/xhBQAAADhlWElmTU0AKgAAAAgAAYdpAAQAAAABAAAAGgAAAAAAAqACAAQAAAABAAAAAaADAAQAAAABAAAAAQAAAADa6r\/EAAAAC0lEQVQI12NolQQAASYAn89qhTcAAAAASUVORK5CYII=\" data-src=\"https:\/\/clinicaemsi.com\/wp-content\/uploads\/2023\/07\/hublla.webp\" width=\"512\" height=\"512\" data-srcset=\"https:\/\/clinicaemsi.com\/wp-content\/uploads\/2023\/07\/hublla.webp 512w, https:\/\/clinicaemsi.com\/wp-content\/uploads\/2023\/07\/hublla-300x300.webp 300w, https:\/\/clinicaemsi.com\/wp-content\/uploads\/2023\/07\/hublla-150x150.webp 150w\" data-sizes=\"(max-width: 512px) 100vw, 512px\" alt=\"\"\/>\n\t\t\t\t\t\t\t\t\t\t\t\t\t\t<\/div>\n\t\t\t\t\t\t\t\t\t\t<\/div>\n\t\t\t\t\t\t\t\t\t\t\t\t\t<div class=\"figure-member__headline\"><\/div>\n\t\t\t\t\t<div class=\"figure-member__footer\">\n\t\t\t\t\t\t\t\t\t\t\t\t\t<h3 >Hubilla Carmem<\/h3>\n\t\t\t\t\t\t\t\t\t\t\t\t\t\t\t\t\t\t\t<div class=\"figure-member__position\">\n\t\t\t\t\t\t\t\t<span >Terapeuta Ocupacional<\/span>\n\t\t\t\t\t\t\t<\/div>\n\t\t\t\t\t\t\t\t\t\t\t\t\t\t\t\t\t<\/div>\n\t\t\t\t\t\t\t<\/div>\n\t\t\t\t\t\t<\/div>\n\t\t\t\t<\/div>\n\t\t\t\t\t<\/div>\n\t\t<\/div>\n\t\t\t\t\t<\/div>\n\t\t<\/section>\n\t\t\t\t<section class=\"elementor-section elementor-top-section elementor-element elementor-element-352254e elementor-section-boxed elementor-section-height-default elementor-section-height-default\" data-id=\"352254e\" data-element_type=\"section\" data-e-type=\"section\">\n\t\t\t\t\t\t<div class=\"elementor-container elementor-column-gap-wider\">\n\t\t\t\t\t<div class=\"elementor-column elementor-col-33 elementor-top-column elementor-element elementor-element-728b15f\" data-id=\"728b15f\" data-element_type=\"column\" data-e-type=\"column\">\n\t\t\t<div class=\"elementor-widget-wrap elementor-element-populated\">\n\t\t\t\t\t\t<div class=\"elementor-element elementor-element-9ac34bb elementor-widget elementor-widget-arrigo-widget-team-member\" data-id=\"9ac34bb\" data-element_type=\"widget\" data-e-type=\"widget\" data-widget_type=\"arrigo-widget-team-member.default\">\n\t\t\t\t<div class=\"elementor-widget-container\">\n\t\t\t\t\t\t\t\t<div class=\"figure-member\">\n\t\t\t\t\t\t\t\t\t<div class=\"figure-member__avatar\">\n\t\t\t\t\t\t\t\t\t\t\t\t\t\t\t\t\t\t<div class=\"position-relative lazy\"  style=\"padding-bottom: calc( (512 \/ 512) * 100% ); height: 0;\">\n\t\t\t\t\t\t\t\t\t\t\t\t\t\t\t\t\t\t<img loading=\"lazy\" decoding=\"async\" class=\" of-cover\" src=\"data:image\/png;base64,iVBORw0KGgoAAAANSUhEUgAAAAEAAAABCAQAAAHCGzyUAAAABGdBTUEAALGPC\/xhBQAAADhlWElmTU0AKgAAAAgAAYdpAAQAAAABAAAAGgAAAAAAAqACAAQAAAABAAAAAaADAAQAAAABAAAAAQAAAADa6r\/EAAAAC0lEQVQI12NolQQAASYAn89qhTcAAAAASUVORK5CYII=\" data-src=\"https:\/\/clinicaemsi.com\/wp-content\/uploads\/2023\/07\/julia.webp\" width=\"512\" height=\"512\" data-srcset=\"https:\/\/clinicaemsi.com\/wp-content\/uploads\/2023\/07\/julia.webp 512w, https:\/\/clinicaemsi.com\/wp-content\/uploads\/2023\/07\/julia-300x300.webp 300w, https:\/\/clinicaemsi.com\/wp-content\/uploads\/2023\/07\/julia-150x150.webp 150w\" data-sizes=\"(max-width: 512px) 100vw, 512px\" alt=\"\"\/>\n\t\t\t\t\t\t\t\t\t\t\t\t\t\t<\/div>\n\t\t\t\t\t\t\t\t\t\t<\/div>\n\t\t\t\t\t\t\t\t\t\t\t\t\t<div class=\"figure-member__headline\"><\/div>\n\t\t\t\t\t<div class=\"figure-member__footer\">\n\t\t\t\t\t\t\t\t\t\t\t\t\t<h3 >Julia Dourado<\/h3>\n\t\t\t\t\t\t\t\t\t\t\t\t\t\t\t\t\t\t\t<div class=\"figure-member__position\">\n\t\t\t\t\t\t\t\t<span >Nutri Materno-Infantil<\/span>\n\t\t\t\t\t\t\t<\/div>\n\t\t\t\t\t\t\t\t\t\t\t\t\t\t\t\t\t<\/div>\n\t\t\t\t\t\t\t<\/div>\n\t\t\t\t\t\t<\/div>\n\t\t\t\t<\/div>\n\t\t\t\t\t<\/div>\n\t\t<\/div>\n\t\t\t\t<div class=\"elementor-column elementor-col-33 elementor-top-column elementor-element elementor-element-6b8d4f0\" data-id=\"6b8d4f0\" data-element_type=\"column\" data-e-type=\"column\">\n\t\t\t<div class=\"elementor-widget-wrap elementor-element-populated\">\n\t\t\t\t\t\t<div class=\"elementor-element elementor-element-031b19e elementor-widget elementor-widget-arrigo-widget-team-member\" data-id=\"031b19e\" data-element_type=\"widget\" data-e-type=\"widget\" data-widget_type=\"arrigo-widget-team-member.default\">\n\t\t\t\t<div class=\"elementor-widget-container\">\n\t\t\t\t\t\t\t\t<div class=\"figure-member\">\n\t\t\t\t\t\t\t\t\t<div class=\"figure-member__avatar\">\n\t\t\t\t\t\t\t\t\t\t\t\t\t\t\t\t\t\t<div class=\"position-relative lazy\"  style=\"padding-bottom: calc( (512 \/ 512) * 100% ); height: 0;\">\n\t\t\t\t\t\t\t\t\t\t\t\t\t\t\t\t\t\t<img loading=\"lazy\" decoding=\"async\" class=\" of-cover\" src=\"data:image\/png;base64,iVBORw0KGgoAAAANSUhEUgAAAAEAAAABCAQAAAHCGzyUAAAABGdBTUEAALGPC\/xhBQAAADhlWElmTU0AKgAAAAgAAYdpAAQAAAABAAAAGgAAAAAAAqACAAQAAAABAAAAAaADAAQAAAABAAAAAQAAAADa6r\/EAAAAC0lEQVQI12NolQQAASYAn89qhTcAAAAASUVORK5CYII=\" data-src=\"https:\/\/clinicaemsi.com\/wp-content\/uploads\/2023\/07\/roberta.webp\" width=\"512\" height=\"512\" data-srcset=\"https:\/\/clinicaemsi.com\/wp-content\/uploads\/2023\/07\/roberta.webp 512w, https:\/\/clinicaemsi.com\/wp-content\/uploads\/2023\/07\/roberta-300x300.webp 300w, https:\/\/clinicaemsi.com\/wp-content\/uploads\/2023\/07\/roberta-150x150.webp 150w\" data-sizes=\"(max-width: 512px) 100vw, 512px\" alt=\"\"\/>\n\t\t\t\t\t\t\t\t\t\t\t\t\t\t<\/div>\n\t\t\t\t\t\t\t\t\t\t<\/div>\n\t\t\t\t\t\t\t\t\t\t\t\t\t<div class=\"figure-member__headline\"><\/div>\n\t\t\t\t\t<div class=\"figure-member__footer\">\n\t\t\t\t\t\t\t\t\t\t\t\t\t<h3 >Roberta Cruz Figueiredo<\/h3>\n\t\t\t\t\t\t\t\t\t\t\t\t\t\t\t\t\t\t\t<div class=\"figure-member__position\">\n\t\t\t\t\t\t\t\t<span >Fonoaudi\u00f3loga<\/span>\n\t\t\t\t\t\t\t<\/div>\n\t\t\t\t\t\t\t\t\t\t\t\t\t\t\t\t\t<\/div>\n\t\t\t\t\t\t\t<\/div>\n\t\t\t\t\t\t<\/div>\n\t\t\t\t<\/div>\n\t\t\t\t\t<\/div>\n\t\t<\/div>\n\t\t\t\t<div class=\"elementor-column elementor-col-33 elementor-top-column elementor-element elementor-element-eca96b0\" data-id=\"eca96b0\" data-element_type=\"column\" data-e-type=\"column\">\n\t\t\t<div class=\"elementor-widget-wrap elementor-element-populated\">\n\t\t\t\t\t\t<div class=\"elementor-element elementor-element-532e4ab elementor-widget elementor-widget-arrigo-widget-team-member\" data-id=\"532e4ab\" data-element_type=\"widget\" data-e-type=\"widget\" data-widget_type=\"arrigo-widget-team-member.default\">\n\t\t\t\t<div class=\"elementor-widget-container\">\n\t\t\t\t\t\t\t\t<div class=\"figure-member\">\n\t\t\t\t\t\t\t\t\t<div class=\"figure-member__avatar\">\n\t\t\t\t\t\t\t\t\t\t\t\t\t\t\t\t\t\t<div class=\"position-relative lazy\"  style=\"padding-bottom: calc( (512 \/ 512) * 100% ); height: 0;\">\n\t\t\t\t\t\t\t\t\t\t\t\t\t\t\t\t\t\t<img loading=\"lazy\" decoding=\"async\" class=\" of-cover\" src=\"data:image\/png;base64,iVBORw0KGgoAAAANSUhEUgAAAAEAAAABCAQAAAHCGzyUAAAABGdBTUEAALGPC\/xhBQAAADhlWElmTU0AKgAAAAgAAYdpAAQAAAABAAAAGgAAAAAAAqACAAQAAAABAAAAAaADAAQAAAABAAAAAQAAAADa6r\/EAAAAC0lEQVQI12NolQQAASYAn89qhTcAAAAASUVORK5CYII=\" data-src=\"https:\/\/clinicaemsi.com\/wp-content\/uploads\/2023\/07\/iron.webp\" width=\"512\" height=\"512\" data-srcset=\"https:\/\/clinicaemsi.com\/wp-content\/uploads\/2023\/07\/iron.webp 512w, https:\/\/clinicaemsi.com\/wp-content\/uploads\/2023\/07\/iron-300x300.webp 300w, https:\/\/clinicaemsi.com\/wp-content\/uploads\/2023\/07\/iron-150x150.webp 150w\" data-sizes=\"(max-width: 512px) 100vw, 512px\" alt=\"\"\/>\n\t\t\t\t\t\t\t\t\t\t\t\t\t\t<\/div>\n\t\t\t\t\t\t\t\t\t\t<\/div>\n\t\t\t\t\t\t\t\t\t\t\t\t\t<div class=\"figure-member__headline\"><\/div>\n\t\t\t\t\t<div class=\"figure-member__footer\">\n\t\t\t\t\t\t\t\t\t\t\t\t\t<h3 >Iron Gaburro<\/h3>\n\t\t\t\t\t\t\t\t\t\t\t\t\t\t\t\t\t\t\t<div class=\"figure-member__position\">\n\t\t\t\t\t\t\t\t<span >Musicoterapeuta<\/span>\n\t\t\t\t\t\t\t<\/div>\n\t\t\t\t\t\t\t\t\t\t\t\t\t\t\t\t\t<\/div>\n\t\t\t\t\t\t\t<\/div>\n\t\t\t\t\t\t<\/div>\n\t\t\t\t<\/div>\n\t\t\t\t\t<\/div>\n\t\t<\/div>\n\t\t\t\t\t<\/div>\n\t\t<\/section>\n\t\t\t\t<section class=\"elementor-section elementor-top-section elementor-element elementor-element-05b5eeb elementor-section-boxed elementor-section-height-default elementor-section-height-default\" data-id=\"05b5eeb\" data-element_type=\"section\" data-e-type=\"section\">\n\t\t\t\t\t\t<div class=\"elementor-container elementor-column-gap-wider\">\n\t\t\t\t\t<div class=\"elementor-column elementor-col-33 elementor-top-column elementor-element elementor-element-3640bb1\" data-id=\"3640bb1\" data-element_type=\"column\" data-e-type=\"column\">\n\t\t\t<div class=\"elementor-widget-wrap elementor-element-populated\">\n\t\t\t\t\t\t<div class=\"elementor-element elementor-element-cb070df elementor-widget elementor-widget-arrigo-widget-team-member\" data-id=\"cb070df\" data-element_type=\"widget\" data-e-type=\"widget\" data-widget_type=\"arrigo-widget-team-member.default\">\n\t\t\t\t<div class=\"elementor-widget-container\">\n\t\t\t\t\t\t\t\t<div class=\"figure-member\">\n\t\t\t\t\t\t\t\t\t<div class=\"figure-member__avatar\">\n\t\t\t\t\t\t\t\t\t\t\t\t\t\t\t\t\t\t<div class=\"position-relative lazy\"  style=\"padding-bottom: calc( (512 \/ 512) * 100% ); height: 0;\">\n\t\t\t\t\t\t\t\t\t\t\t\t\t\t\t\t\t\t<img loading=\"lazy\" decoding=\"async\" class=\" of-cover\" src=\"data:image\/png;base64,iVBORw0KGgoAAAANSUhEUgAAAAEAAAABCAQAAAHCGzyUAAAABGdBTUEAALGPC\/xhBQAAADhlWElmTU0AKgAAAAgAAYdpAAQAAAABAAAAGgAAAAAAAqACAAQAAAABAAAAAaADAAQAAAABAAAAAQAAAADa6r\/EAAAAC0lEQVQI12NolQQAASYAn89qhTcAAAAASUVORK5CYII=\" data-src=\"https:\/\/clinicaemsi.com\/wp-content\/uploads\/2023\/07\/rose.webp\" width=\"512\" height=\"512\" data-srcset=\"https:\/\/clinicaemsi.com\/wp-content\/uploads\/2023\/07\/rose.webp 512w, https:\/\/clinicaemsi.com\/wp-content\/uploads\/2023\/07\/rose-300x300.webp 300w, https:\/\/clinicaemsi.com\/wp-content\/uploads\/2023\/07\/rose-150x150.webp 150w\" data-sizes=\"(max-width: 512px) 100vw, 512px\" alt=\"\"\/>\n\t\t\t\t\t\t\t\t\t\t\t\t\t\t<\/div>\n\t\t\t\t\t\t\t\t\t\t<\/div>\n\t\t\t\t\t\t\t\t\t\t\t\t\t<div class=\"figure-member__headline\"><\/div>\n\t\t\t\t\t<div class=\"figure-member__footer\">\n\t\t\t\t\t\t\t\t\t\t\t\t\t<h3 >Rosiana Sobreira<\/h3>\n\t\t\t\t\t\t\t\t\t\t\t\t\t\t\t\t\t\t\t<div class=\"figure-member__position\">\n\t\t\t\t\t\t\t\t<span >Psicopedagoga<\/span>\n\t\t\t\t\t\t\t<\/div>\n\t\t\t\t\t\t\t\t\t\t\t\t\t\t\t\t\t<\/div>\n\t\t\t\t\t\t\t<\/div>\n\t\t\t\t\t\t<\/div>\n\t\t\t\t<\/div>\n\t\t\t\t\t<\/div>\n\t\t<\/div>\n\t\t\t\t<div class=\"elementor-column elementor-col-33 elementor-top-column elementor-element elementor-element-19cd37c\" data-id=\"19cd37c\" data-element_type=\"column\" data-e-type=\"column\">\n\t\t\t<div class=\"elementor-widget-wrap elementor-element-populated\">\n\t\t\t\t\t\t<div class=\"elementor-element elementor-element-7e425d5 elementor-widget elementor-widget-arrigo-widget-team-member\" data-id=\"7e425d5\" data-element_type=\"widget\" data-e-type=\"widget\" data-widget_type=\"arrigo-widget-team-member.default\">\n\t\t\t\t<div class=\"elementor-widget-container\">\n\t\t\t\t\t\t\t\t<div class=\"figure-member\">\n\t\t\t\t\t\t\t\t\t<div class=\"figure-member__avatar\">\n\t\t\t\t\t\t\t\t\t\t\t\t\t\t\t\t\t\t<div class=\"position-relative lazy\"  style=\"padding-bottom: calc( (512 \/ 512) * 100% ); height: 0;\">\n\t\t\t\t\t\t\t\t\t\t\t\t\t\t\t\t\t\t<img loading=\"lazy\" decoding=\"async\" class=\" of-cover\" src=\"data:image\/png;base64,iVBORw0KGgoAAAANSUhEUgAAAAEAAAABCAQAAAHCGzyUAAAABGdBTUEAALGPC\/xhBQAAADhlWElmTU0AKgAAAAgAAYdpAAQAAAABAAAAGgAAAAAAAqACAAQAAAABAAAAAaADAAQAAAABAAAAAQAAAADa6r\/EAAAAC0lEQVQI12NolQQAASYAn89qhTcAAAAASUVORK5CYII=\" data-src=\"https:\/\/clinicaemsi.com\/wp-content\/uploads\/2023\/07\/talyta.webp\" width=\"512\" height=\"512\" data-srcset=\"https:\/\/clinicaemsi.com\/wp-content\/uploads\/2023\/07\/talyta.webp 512w, https:\/\/clinicaemsi.com\/wp-content\/uploads\/2023\/07\/talyta-300x300.webp 300w, https:\/\/clinicaemsi.com\/wp-content\/uploads\/2023\/07\/talyta-150x150.webp 150w\" data-sizes=\"(max-width: 512px) 100vw, 512px\" alt=\"\"\/>\n\t\t\t\t\t\t\t\t\t\t\t\t\t\t<\/div>\n\t\t\t\t\t\t\t\t\t\t<\/div>\n\t\t\t\t\t\t\t\t\t\t\t\t\t<div class=\"figure-member__headline\"><\/div>\n\t\t\t\t\t<div class=\"figure-member__footer\">\n\t\t\t\t\t\t\t\t\t\t\t\t\t<h3 >Talyta de Assis<\/h3>\n\t\t\t\t\t\t\t\t\t\t\t\t\t\t\t\t\t\t\t<div class=\"figure-member__position\">\n\t\t\t\t\t\t\t\t<span >Psic\u00f3loga<\/span>\n\t\t\t\t\t\t\t<\/div>\n\t\t\t\t\t\t\t\t\t\t\t\t\t\t\t\t\t<\/div>\n\t\t\t\t\t\t\t<\/div>\n\t\t\t\t\t\t<\/div>\n\t\t\t\t<\/div>\n\t\t\t\t\t<\/div>\n\t\t<\/div>\n\t\t\t\t<div class=\"elementor-column elementor-col-33 elementor-top-column elementor-element elementor-element-c838f15\" data-id=\"c838f15\" data-element_type=\"column\" data-e-type=\"column\">\n\t\t\t<div class=\"elementor-widget-wrap elementor-element-populated\">\n\t\t\t\t\t\t<div class=\"elementor-element elementor-element-0ca14d7 elementor-widget elementor-widget-arrigo-widget-team-member\" data-id=\"0ca14d7\" data-element_type=\"widget\" data-e-type=\"widget\" data-widget_type=\"arrigo-widget-team-member.default\">\n\t\t\t\t<div class=\"elementor-widget-container\">\n\t\t\t\t\t\t\t\t<div class=\"figure-member\">\n\t\t\t\t\t\t\t\t\t<div class=\"figure-member__avatar\">\n\t\t\t\t\t\t\t\t\t\t\t\t\t\t\t\t\t\t<div class=\"position-relative lazy\"  style=\"padding-bottom: calc( (512 \/ 512) * 100% ); height: 0;\">\n\t\t\t\t\t\t\t\t\t\t\t\t\t\t\t\t\t\t<img loading=\"lazy\" decoding=\"async\" class=\" of-cover\" src=\"data:image\/png;base64,iVBORw0KGgoAAAANSUhEUgAAAAEAAAABCAQAAAHCGzyUAAAABGdBTUEAALGPC\/xhBQAAADhlWElmTU0AKgAAAAgAAYdpAAQAAAABAAAAGgAAAAAAAqACAAQAAAABAAAAAaADAAQAAAABAAAAAQAAAADa6r\/EAAAAC0lEQVQI12NolQQAASYAn89qhTcAAAAASUVORK5CYII=\" data-src=\"https:\/\/clinicaemsi.com\/wp-content\/uploads\/2023\/07\/LUANA.webp\" width=\"512\" height=\"512\" data-srcset=\"https:\/\/clinicaemsi.com\/wp-content\/uploads\/2023\/07\/LUANA.webp 512w, https:\/\/clinicaemsi.com\/wp-content\/uploads\/2023\/07\/LUANA-300x300.webp 300w, https:\/\/clinicaemsi.com\/wp-content\/uploads\/2023\/07\/LUANA-150x150.webp 150w\" data-sizes=\"(max-width: 512px) 100vw, 512px\" alt=\"\"\/>\n\t\t\t\t\t\t\t\t\t\t\t\t\t\t<\/div>\n\t\t\t\t\t\t\t\t\t\t<\/div>\n\t\t\t\t\t\t\t\t\t\t\t\t\t<div class=\"figure-member__headline\"><\/div>\n\t\t\t\t\t<div class=\"figure-member__footer\">\n\t\t\t\t\t\t\t\t\t\t\t\t\t<h3 >Luana Bergamaschi<\/h3>\n\t\t\t\t\t\t\t\t\t\t\t\t\t\t\t\t\t\t\t<div class=\"figure-member__position\">\n\t\t\t\t\t\t\t\t<span >Terapeuta Ocupacional<\/span>\n\t\t\t\t\t\t\t<\/div>\n\t\t\t\t\t\t\t\t\t\t\t\t\t\t\t\t\t<\/div>\n\t\t\t\t\t\t\t<\/div>\n\t\t\t\t\t\t<\/div>\n\t\t\t\t<\/div>\n\t\t\t\t\t<\/div>\n\t\t<\/div>\n\t\t\t\t\t<\/div>\n\t\t<\/section>\n\t\t\t\t<section class=\"elementor-section elementor-top-section elementor-element elementor-element-c06f119 elementor-section-boxed elementor-section-height-default elementor-section-height-default\" data-id=\"c06f119\" data-element_type=\"section\" data-e-type=\"section\">\n\t\t\t\t\t\t<div class=\"elementor-container elementor-column-gap-extended\">\n\t\t\t\t\t<div class=\"elementor-column elementor-col-100 elementor-top-column elementor-element elementor-element-a0c74f9\" data-id=\"a0c74f9\" data-element_type=\"column\" data-e-type=\"column\">\n\t\t\t<div class=\"elementor-widget-wrap elementor-element-populated\">\n\t\t\t\t\t\t<div class=\"elementor-element elementor-element-a079458 elementor-widget elementor-widget-arrigo-widget-header-section\" data-id=\"a079458\" data-element_type=\"widget\" data-e-type=\"widget\" data-widget_type=\"arrigo-widget-header-section.default\">\n\t\t\t\t<div class=\"elementor-widget-container\">\n\t\t\t\t\t\n\t\t<div class=\"section-header\" data-os-animation=\"\">\n\t\t\t\t\t\t\t<div class=\"section-header__label\">\n\t\t\t\t\t\t\t\t\t\t\t<div class=\"section-header__square\"><\/div>\n\t\t\t\t\t\t\t\t\t\t<span >SOBRE A CLINICA<\/span>\n\t\t\t\t<\/div>\n\t\t\t\t\t\t\t\t\t\t<h2 >Conhe\u00e7a a Cl\u00ednica Em.Si\n<\/br><\/h2>\n\t\t\t\t\t\t\t\t\t\t\t<\/div>\n\n\t\t\t\t\t\t<\/div>\n\t\t\t\t<\/div>\n\t\t\t\t\t<\/div>\n\t\t<\/div>\n\t\t\t\t\t<\/div>\n\t\t<\/section>\n\t\t\t\t<section class=\"elementor-section elementor-top-section elementor-element elementor-element-145db6b elementor-section-full_width elementor-section-height-default elementor-section-height-default\" data-id=\"145db6b\" data-element_type=\"section\" data-e-type=\"section\" data-settings=\"{&quot;background_background&quot;:&quot;classic&quot;}\">\n\t\t\t\t\t\t<div class=\"elementor-container elementor-column-gap-no\">\n\t\t\t\t\t<div class=\"elementor-column elementor-col-100 elementor-top-column elementor-element elementor-element-d4e167f\" data-id=\"d4e167f\" data-element_type=\"column\" data-e-type=\"column\">\n\t\t\t<div class=\"elementor-widget-wrap elementor-element-populated\">\n\t\t\t\t\t\t<div class=\"elementor-element elementor-element-a61f9cc elementor-widget elementor-widget-arrigo-widget-cta\" data-id=\"a61f9cc\" data-element_type=\"widget\" data-e-type=\"widget\" data-widget_type=\"arrigo-widget-cta.default\">\n\t\t\t\t<div class=\"elementor-widget-container\">\n\t\t\t\t\t\t\t<div class=\"section section-cta no\" data-os-animation=\"\">\n\t\t\t<div class=\"section__inner\">\n\t\t\t\t\t\t\t\t\t<div class=\"col section-cta__bg col-lg-6 jarallax\" data-speed=\"0.9\" data-img-size=\"contain\">\n\t\t\t\t\t\t\t\t\t\t\t\t\t\t\t\t\t\t<div class=\" lazy-bg\" >\n\t\t\t\t\t\t\t\t\t\t\t\t\t\t\t\t\t\t<img decoding=\"async\" class=\"jarallax-img of-contain of-cover\" src=\"data:image\/png;base64,iVBORw0KGgoAAAANSUhEUgAAAAEAAAABCAQAAAHCGzyUAAAABGdBTUEAALGPC\/xhBQAAADhlWElmTU0AKgAAAAgAAYdpAAQAAAABAAAAGgAAAAAAAqACAAQAAAABAAAAAaADAAQAAAABAAAAAQAAAADa6r\/EAAAAC0lEQVQI12NolQQAASYAn89qhTcAAAAASUVORK5CYII=\" data-src=\"https:\/\/clinicaemsi.com\/wp-content\/uploads\/2023\/07\/logo-clinica-02.webp\" data-srcset=\"https:\/\/clinicaemsi.com\/wp-content\/uploads\/2023\/07\/logo-clinica-02.webp 960w, https:\/\/clinicaemsi.com\/wp-content\/uploads\/2023\/07\/logo-clinica-02-300x289.webp 300w, https:\/\/clinicaemsi.com\/wp-content\/uploads\/2023\/07\/logo-clinica-02-768x740.webp 768w\" data-sizes=\"(max-width: 960px) 100vw, 960px\" alt=\"\" \/>\n\t\t\t\t\t\t\t\t\t\t\t\t\t\t<\/div>\n\t\t\t\t\t\t\t\t\t\t<\/div>\n\t\t\t\t\t\t\t\t<div class=\"container\">\n\t\t\t\t\t<div class=\"row align-items-center\">\n\t\t\t\t\t\t<div class=\"col-lg-6 section-cta__content col-lg-6 offset-lg-6\">\n\t\t\t\t\t\t\t\t\t\t\t\t\t\t\t<header class=\"section-cta__header\">\n\t\t\t\t\t\t\t\t\t\t\t\t\t\t\t\t\t\t\t<h2 >Conhe\u00e7a a <\/br>Cl\u00ednica Em.Si<\/h2>\n\t\t\t\t\t\t\t\t\t\t\t\t\t\t\t\t\t\t\t\t\t\t\t\t\t\t\t\t<h4 >Entre em contato conosco!<\/h4>\n\t\t\t\t\t\t\t\t\t\t\t\t\t\t\t\t\t<\/header>\n\t\t\t\t\t\t\t\t\t\t\t\t\t\t\t\t\t\t\t\t\t\t<div class=\"section-cta__wrapper-button\">\n\t\t\t\t\t\t\t\t\t\t\t\t\t\t\t\t\t\t<a class=\"button button_solid button_accent\" href=\"#\" target=\"_blank\" rel=\"nofollow\"><span >WHATSAPP<\/span><\/a>\n\t\t\t\t\t\t\t\t<\/div>\n\t\t\t\t\t\t\t\t\t\t\t\t\t<\/div>\n\t\t\t\t\t<\/div>\n\t\t\t\t<\/div>\n\t\t\t<\/div>\n\t\t\t\t\t\t\t<div class=\"section-cta__decor-el-1 d-none d-lg-block\"><\/div>\n\t\t\t\t\t\t\t\t\t<div class=\"overlay\"><\/div>\n\t\t<\/div>\n\n\t\t\t\t\t\t<\/div>\n\t\t\t\t<\/div>\n\t\t\t\t\t<\/div>\n\t\t<\/div>\n\t\t\t\t\t<\/div>\n\t\t<\/section>\n\t\t\t\t<\/div>\n\t\t","protected":false},"excerpt":{"rendered":"<p>Dra. Daniele Garioli Doutora em Psicologia Layza Bahiense Neuropsicopedagoga Hubilla Carmem Terapeuta Ocupacional Julia Dourado Nutri Materno-Infantil Roberta Cruz Figueiredo Fonoaudi\u00f3loga Iron Gaburro Musicoterapeuta Rosiana Sobreira Psicopedagoga Talyta de Assis Psic\u00f3loga Luana Bergamaschi Terapeuta Ocupacional SOBRE A CLINICA Conhe\u00e7a a Cl\u00ednica Em.Si Conhe\u00e7a a Cl\u00ednica Em.Si Entre em contato conosco! WHATSAPP<\/p>\n","protected":false},"author":1,"featured_media":0,"parent":0,"menu_order":0,"comment_status":"closed","ping_status":"closed","template":"","meta":{"inline_featured_image":false,"footnotes":""},"class_list":["post-868","page","type-page","status-publish","hentry"],"acf":[],"aioseo_notices":[],"_links":{"self":[{"href":"https:\/\/clinicaemsi.com\/index.php?rest_route=\/wp\/v2\/pages\/868"}],"collection":[{"href":"https:\/\/clinicaemsi.com\/index.php?rest_route=\/wp\/v2\/pages"}],"about":[{"href":"https:\/\/clinicaemsi.com\/index.php?rest_route=\/wp\/v2\/types\/page"}],"author":[{"embeddable":true,"href":"https:\/\/clinicaemsi.com\/index.php?rest_route=\/wp\/v2\/users\/1"}],"replies":[{"embeddable":true,"href":"https:\/\/clinicaemsi.com\/index.php?rest_route=%2Fwp%2Fv2%2Fcomments&post=868"}],"version-history":[{"count":38,"href":"https:\/\/clinicaemsi.com\/index.php?rest_route=\/wp\/v2\/pages\/868\/revisions"}],"predecessor-version":[{"id":1453,"href":"https:\/\/clinicaemsi.com\/index.php?rest_route=\/wp\/v2\/pages\/868\/revisions\/1453"}],"wp:attachment":[{"href":"https:\/\/clinicaemsi.com\/index.php?rest_route=%2Fwp%2Fv2%2Fmedia&parent=868"}],"curies":[{"name":"wp","href":"https:\/\/api.w.org\/{rel}","templated":true}]}}