{"id":763,"date":"2019-01-28T11:03:11","date_gmt":"2019-01-28T13:03:11","guid":{"rendered":"\/\/95.188.69.241\/mywp\/?page_id=763"},"modified":"2023-07-11T10:55:10","modified_gmt":"2023-07-11T13:55:10","slug":"especialidades","status":"publish","type":"page","link":"https:\/\/clinicaemsi.com\/?page_id=763","title":{"rendered":"Especialidades"},"content":{"rendered":"\t\t<div data-elementor-type=\"wp-post\" data-elementor-id=\"763\" class=\"elementor elementor-763\">\n\t\t\t\t\t\t<section class=\"elementor-section elementor-top-section elementor-element elementor-element-cf159fb elementor-section-boxed elementor-section-height-default elementor-section-height-default\" data-id=\"cf159fb\" data-element_type=\"section\" data-e-type=\"section\">\n\t\t\t\t\t\t<div class=\"elementor-container elementor-column-gap-no\">\n\t\t\t\t\t<div class=\"elementor-column elementor-col-100 elementor-top-column elementor-element elementor-element-495b75f\" data-id=\"495b75f\" data-element_type=\"column\" data-e-type=\"column\">\n\t\t\t<div class=\"elementor-widget-wrap elementor-element-populated\">\n\t\t\t\t\t\t<div class=\"elementor-element elementor-element-8836a41 elementor-widget elementor-widget-arrigo-widget-services-grid\" data-id=\"8836a41\" data-element_type=\"widget\" data-e-type=\"widget\" data-widget_type=\"arrigo-widget-services-grid.default\">\n\t\t\t\t<div class=\"elementor-widget-container\">\n\t\t\t\t\t\n\t\t\t\t\t<div class=\"section section-features\" data-os-animation=\"\">\n\t\t\t\t<div class=\"container container_25\">\n\t\t\t\t\t<div class=\"row\">\n\t\t\t\t\t\t\t\t\t\t\t\t\t\t\t\t\t\t\t\t<div class=\"col-lg-4 col-sm-6 section-features__item\">\n\t\t\t\t\t\t\t\t<a class=\"figure-feature\" href=\"https:\/\/clinicaemsi.com\/?arr_services=ciencia-aba\">\n\t\t\t\t\t\t\t\t\t\t\t\t\t\t\t\t\t\t\t<div class=\"figure-feature__icon\">\n\t\t\t\t\t\t\t\t\t\t\t<div class=\"figure-feature__icon-symbol lnr lnr-rocket\"><\/div>\n\t\t\t\t\t\t\t\t\t\t\t<svg viewBox=\"0 0 152 152\" version=\"1.1\" xmlns=\"http:\/\/www.w3.org\/2000\/svg\" xmlns:xlink=\"http:\/\/www.w3.org\/1999\/xlink\">\n\t\t\t\t\t\t\t\t\t\t\t\t<g fill=\"none\" fill-rule=\"evenodd\">\n\t\t\t\t\t\t\t\t\t\t\t\t\t<g transform=\"translate(-134.000000, -98.000000)\">\n\t\t\t\t\t\t\t\t\t\t\t\t\t\t<path class=\"circle\" d=\"M135,174a75,75 0 1,0 150,0a75,75 0 1,0 -150,0\"><\/path>\n\t\t\t\t\t\t\t\t\t\t\t\t\t<\/g>\n\t\t\t\t\t\t\t\t\t\t\t\t<\/g>\n\t\t\t\t\t\t\t\t\t\t\t<\/svg>\n\t\t\t\t\t\t\t\t\t\t<\/div>\n\t\t\t\t\t\t\t\t\t\t\t\t\t\t\t\t\t\t<div class=\"figure-feature__header\">\n\t\t\t\t\t\t\t\t\t\t<div class=\"figure-feature__headline\"><\/div>\n\t\t\t\t\t\t\t\t\t\t\t\t\t\t\t\t\t\t\t\t\t<h3>Ci\u00eancia ABA<\/h3>\n\t\t\t\t\t\t\t\t\t\t\t\t\t\t\t\t\t\t\t\t\t\t\t\t\t\t\t\t\t\t\t<p>An\u00e1lise do Comportamento Aplicada Desenvolvimento de crian\u00e7as com TEA.<\/p>\n\t\t\t\t\t\t\t\t\t\t\t\t\t\t\t\t\t\t\t<\/div>\n\t\t\t\t\t\t\t\t<\/a>\n\t\t\t\t\t\t\t<\/div>\n\t\t\t\t\t\t\t\t\t\t\t\t\t\t\t\t\t\t\t\t<div class=\"col-lg-4 col-sm-6 section-features__item\">\n\t\t\t\t\t\t\t\t<a class=\"figure-feature\" href=\"https:\/\/clinicaemsi.com\/?arr_services=terapia-ocupacional\">\n\t\t\t\t\t\t\t\t\t\t\t\t\t\t\t\t\t\t\t<div class=\"figure-feature__icon\">\n\t\t\t\t\t\t\t\t\t\t\t<div class=\"figure-feature__icon-symbol lnr lnr-magic-wand\"><\/div>\n\t\t\t\t\t\t\t\t\t\t\t<svg viewBox=\"0 0 152 152\" version=\"1.1\" xmlns=\"http:\/\/www.w3.org\/2000\/svg\" xmlns:xlink=\"http:\/\/www.w3.org\/1999\/xlink\">\n\t\t\t\t\t\t\t\t\t\t\t\t<g fill=\"none\" fill-rule=\"evenodd\">\n\t\t\t\t\t\t\t\t\t\t\t\t\t<g transform=\"translate(-134.000000, -98.000000)\">\n\t\t\t\t\t\t\t\t\t\t\t\t\t\t<path class=\"circle\" d=\"M135,174a75,75 0 1,0 150,0a75,75 0 1,0 -150,0\"><\/path>\n\t\t\t\t\t\t\t\t\t\t\t\t\t<\/g>\n\t\t\t\t\t\t\t\t\t\t\t\t<\/g>\n\t\t\t\t\t\t\t\t\t\t\t<\/svg>\n\t\t\t\t\t\t\t\t\t\t<\/div>\n\t\t\t\t\t\t\t\t\t\t\t\t\t\t\t\t\t\t<div class=\"figure-feature__header\">\n\t\t\t\t\t\t\t\t\t\t<div class=\"figure-feature__headline\"><\/div>\n\t\t\t\t\t\t\t\t\t\t\t\t\t\t\t\t\t\t\t\t\t<h3>Terapia Ocupacional<\/h3>\n\t\t\t\t\t\t\t\t\t\t\t\t\t\t\t\t\t\t\t\t\t\t\t\t\t\t\t\t\t\t\t<p>Desenvolvimento de habilidades motoras, autocuidado e independ\u00eancia<\/p>\n\t\t\t\t\t\t\t\t\t\t\t\t\t\t\t\t\t\t\t<\/div>\n\t\t\t\t\t\t\t\t<\/a>\n\t\t\t\t\t\t\t<\/div>\n\t\t\t\t\t\t\t\t\t\t\t\t\t\t\t\t\t\t\t\t<div class=\"col-lg-4 col-sm-6 section-features__item\">\n\t\t\t\t\t\t\t\t<a class=\"figure-feature\" href=\"https:\/\/clinicaemsi.com\/?arr_services=nutricionista\">\n\t\t\t\t\t\t\t\t\t\t\t\t\t\t\t\t\t\t\t<div class=\"figure-feature__icon\">\n\t\t\t\t\t\t\t\t\t\t\t<div class=\"figure-feature__icon-symbol lnr lnr-leaf\"><\/div>\n\t\t\t\t\t\t\t\t\t\t\t<svg viewBox=\"0 0 152 152\" version=\"1.1\" xmlns=\"http:\/\/www.w3.org\/2000\/svg\" xmlns:xlink=\"http:\/\/www.w3.org\/1999\/xlink\">\n\t\t\t\t\t\t\t\t\t\t\t\t<g fill=\"none\" fill-rule=\"evenodd\">\n\t\t\t\t\t\t\t\t\t\t\t\t\t<g transform=\"translate(-134.000000, -98.000000)\">\n\t\t\t\t\t\t\t\t\t\t\t\t\t\t<path class=\"circle\" d=\"M135,174a75,75 0 1,0 150,0a75,75 0 1,0 -150,0\"><\/path>\n\t\t\t\t\t\t\t\t\t\t\t\t\t<\/g>\n\t\t\t\t\t\t\t\t\t\t\t\t<\/g>\n\t\t\t\t\t\t\t\t\t\t\t<\/svg>\n\t\t\t\t\t\t\t\t\t\t<\/div>\n\t\t\t\t\t\t\t\t\t\t\t\t\t\t\t\t\t\t<div class=\"figure-feature__header\">\n\t\t\t\t\t\t\t\t\t\t<div class=\"figure-feature__headline\"><\/div>\n\t\t\t\t\t\t\t\t\t\t\t\t\t\t\t\t\t\t\t\t\t<h3>Nutricionista<\/h3>\n\t\t\t\t\t\t\t\t\t\t\t\t\t\t\t\t\t\t\t\t\t\t\t\t\t\t\t\t\t\t\t<p>Forma\u00e7\u00e3o de h\u00e1bitos alimentares saud\u00e1veis, preven\u00e7\u00e3o de doen\u00e7as<\/p>\n\t\t\t\t\t\t\t\t\t\t\t\t\t\t\t\t\t\t\t<\/div>\n\t\t\t\t\t\t\t\t<\/a>\n\t\t\t\t\t\t\t<\/div>\n\t\t\t\t\t\t\t\t\t\t\t\t\t\t\t\t\t\t\t\t<div class=\"col-lg-4 col-sm-6 section-features__item\">\n\t\t\t\t\t\t\t\t<a class=\"figure-feature\" href=\"https:\/\/clinicaemsi.com\/?arr_services=neuropsicologia\">\n\t\t\t\t\t\t\t\t\t\t\t\t\t\t\t\t\t\t\t<div class=\"figure-feature__icon\">\n\t\t\t\t\t\t\t\t\t\t\t<div class=\"figure-feature__icon-symbol lnr lnr-unlink\"><\/div>\n\t\t\t\t\t\t\t\t\t\t\t<svg viewBox=\"0 0 152 152\" version=\"1.1\" xmlns=\"http:\/\/www.w3.org\/2000\/svg\" xmlns:xlink=\"http:\/\/www.w3.org\/1999\/xlink\">\n\t\t\t\t\t\t\t\t\t\t\t\t<g fill=\"none\" fill-rule=\"evenodd\">\n\t\t\t\t\t\t\t\t\t\t\t\t\t<g transform=\"translate(-134.000000, -98.000000)\">\n\t\t\t\t\t\t\t\t\t\t\t\t\t\t<path class=\"circle\" d=\"M135,174a75,75 0 1,0 150,0a75,75 0 1,0 -150,0\"><\/path>\n\t\t\t\t\t\t\t\t\t\t\t\t\t<\/g>\n\t\t\t\t\t\t\t\t\t\t\t\t<\/g>\n\t\t\t\t\t\t\t\t\t\t\t<\/svg>\n\t\t\t\t\t\t\t\t\t\t<\/div>\n\t\t\t\t\t\t\t\t\t\t\t\t\t\t\t\t\t\t<div class=\"figure-feature__header\">\n\t\t\t\t\t\t\t\t\t\t<div class=\"figure-feature__headline\"><\/div>\n\t\t\t\t\t\t\t\t\t\t\t\t\t\t\t\t\t\t\t\t\t<h3>Neuropsicologia<\/h3>\n\t\t\t\t\t\t\t\t\t\t\t\t\t\t\t\t\t\t\t\t\t\t\t\t\t\t\t\t\t\t\t<p>Planejamento, implementa\u00e7\u00e3o de interven\u00e7\u00f5es e reabilita\u00e7\u00e3o<\/p>\n\t\t\t\t\t\t\t\t\t\t\t\t\t\t\t\t\t\t\t<\/div>\n\t\t\t\t\t\t\t\t<\/a>\n\t\t\t\t\t\t\t<\/div>\n\t\t\t\t\t\t\t\t\t\t\t\t\t\t\t\t\t\t\t\t<div class=\"col-lg-4 col-sm-6 section-features__item\">\n\t\t\t\t\t\t\t\t<a class=\"figure-feature\" href=\"https:\/\/clinicaemsi.com\/?arr_services=psicopedagogia\">\n\t\t\t\t\t\t\t\t\t\t\t\t\t\t\t\t\t\t\t<div class=\"figure-feature__icon\">\n\t\t\t\t\t\t\t\t\t\t\t<div class=\"figure-feature__icon-symbol fa fa-book\"><\/div>\n\t\t\t\t\t\t\t\t\t\t\t<svg viewBox=\"0 0 152 152\" version=\"1.1\" xmlns=\"http:\/\/www.w3.org\/2000\/svg\" xmlns:xlink=\"http:\/\/www.w3.org\/1999\/xlink\">\n\t\t\t\t\t\t\t\t\t\t\t\t<g fill=\"none\" fill-rule=\"evenodd\">\n\t\t\t\t\t\t\t\t\t\t\t\t\t<g transform=\"translate(-134.000000, -98.000000)\">\n\t\t\t\t\t\t\t\t\t\t\t\t\t\t<path class=\"circle\" d=\"M135,174a75,75 0 1,0 150,0a75,75 0 1,0 -150,0\"><\/path>\n\t\t\t\t\t\t\t\t\t\t\t\t\t<\/g>\n\t\t\t\t\t\t\t\t\t\t\t\t<\/g>\n\t\t\t\t\t\t\t\t\t\t\t<\/svg>\n\t\t\t\t\t\t\t\t\t\t<\/div>\n\t\t\t\t\t\t\t\t\t\t\t\t\t\t\t\t\t\t<div class=\"figure-feature__header\">\n\t\t\t\t\t\t\t\t\t\t<div class=\"figure-feature__headline\"><\/div>\n\t\t\t\t\t\t\t\t\t\t\t\t\t\t\t\t\t\t\t\t\t<h3>Psicopedagogia<\/h3>\n\t\t\t\t\t\t\t\t\t\t\t\t\t\t\t\t\t\t\t\t\t\t\t\t\t\t\t\t\t\t\t<p>Desenvolvimento cognitivo, estrat\u00e9gias personalizadas e comportamental<\/p>\n\t\t\t\t\t\t\t\t\t\t\t\t\t\t\t\t\t\t\t<\/div>\n\t\t\t\t\t\t\t\t<\/a>\n\t\t\t\t\t\t\t<\/div>\n\t\t\t\t\t\t\t\t\t\t\t\t\t\t\t\t\t\t\t\t<div class=\"col-lg-4 col-sm-6 section-features__item\">\n\t\t\t\t\t\t\t\t<a class=\"figure-feature\" href=\"https:\/\/clinicaemsi.com\/?arr_services=fonoaudiologia\">\n\t\t\t\t\t\t\t\t\t\t\t\t\t\t\t\t\t\t\t<div class=\"figure-feature__icon\">\n\t\t\t\t\t\t\t\t\t\t\t<div class=\"figure-feature__icon-symbol lnr lnr-bullhorn\"><\/div>\n\t\t\t\t\t\t\t\t\t\t\t<svg viewBox=\"0 0 152 152\" version=\"1.1\" xmlns=\"http:\/\/www.w3.org\/2000\/svg\" xmlns:xlink=\"http:\/\/www.w3.org\/1999\/xlink\">\n\t\t\t\t\t\t\t\t\t\t\t\t<g fill=\"none\" fill-rule=\"evenodd\">\n\t\t\t\t\t\t\t\t\t\t\t\t\t<g transform=\"translate(-134.000000, -98.000000)\">\n\t\t\t\t\t\t\t\t\t\t\t\t\t\t<path class=\"circle\" d=\"M135,174a75,75 0 1,0 150,0a75,75 0 1,0 -150,0\"><\/path>\n\t\t\t\t\t\t\t\t\t\t\t\t\t<\/g>\n\t\t\t\t\t\t\t\t\t\t\t\t<\/g>\n\t\t\t\t\t\t\t\t\t\t\t<\/svg>\n\t\t\t\t\t\t\t\t\t\t<\/div>\n\t\t\t\t\t\t\t\t\t\t\t\t\t\t\t\t\t\t<div class=\"figure-feature__header\">\n\t\t\t\t\t\t\t\t\t\t<div class=\"figure-feature__headline\"><\/div>\n\t\t\t\t\t\t\t\t\t\t\t\t\t\t\t\t\t\t\t\t\t<h3>Fonoaudiologia<\/h3>\n\t\t\t\t\t\t\t\t\t\t\t\t\t\t\t\t\t\t\t\t\t\t\t\t\t\t\t\t\t\t\t<p>Desenvolvimento da linguagem, atrasos no desenvolvimento da fala<\/p>\n\t\t\t\t\t\t\t\t\t\t\t\t\t\t\t\t\t\t\t<\/div>\n\t\t\t\t\t\t\t\t<\/a>\n\t\t\t\t\t\t\t<\/div>\n\t\t\t\t\t\t\t\t\t\t\t\t\t\t\t\t\t\t\t\t<div class=\"col-lg-4 col-sm-6 section-features__item\">\n\t\t\t\t\t\t\t\t<a class=\"figure-feature\" href=\"https:\/\/clinicaemsi.com\/?arr_services=musicalizacao\">\n\t\t\t\t\t\t\t\t\t\t\t\t\t\t\t\t\t\t\t<div class=\"figure-feature__icon\">\n\t\t\t\t\t\t\t\t\t\t\t<div class=\"figure-feature__icon-symbol fa fa-music\"><\/div>\n\t\t\t\t\t\t\t\t\t\t\t<svg viewBox=\"0 0 152 152\" version=\"1.1\" xmlns=\"http:\/\/www.w3.org\/2000\/svg\" xmlns:xlink=\"http:\/\/www.w3.org\/1999\/xlink\">\n\t\t\t\t\t\t\t\t\t\t\t\t<g fill=\"none\" fill-rule=\"evenodd\">\n\t\t\t\t\t\t\t\t\t\t\t\t\t<g transform=\"translate(-134.000000, -98.000000)\">\n\t\t\t\t\t\t\t\t\t\t\t\t\t\t<path class=\"circle\" d=\"M135,174a75,75 0 1,0 150,0a75,75 0 1,0 -150,0\"><\/path>\n\t\t\t\t\t\t\t\t\t\t\t\t\t<\/g>\n\t\t\t\t\t\t\t\t\t\t\t\t<\/g>\n\t\t\t\t\t\t\t\t\t\t\t<\/svg>\n\t\t\t\t\t\t\t\t\t\t<\/div>\n\t\t\t\t\t\t\t\t\t\t\t\t\t\t\t\t\t\t<div class=\"figure-feature__header\">\n\t\t\t\t\t\t\t\t\t\t<div class=\"figure-feature__headline\"><\/div>\n\t\t\t\t\t\t\t\t\t\t\t\t\t\t\t\t\t\t\t\t\t<h3>Musicaliza\u00e7\u00e3o<\/h3>\n\t\t\t\t\t\t\t\t\t\t\t\t\t\t\t\t\t\t\t\t\t\t\t\t\t\t\t\t\t\t\t<p>Desenvolvimento  de habilidades cognitivas, emocionais e de express\u00e3o.<\/p>\n\t\t\t\t\t\t\t\t\t\t\t\t\t\t\t\t\t\t\t<\/div>\n\t\t\t\t\t\t\t\t<\/a>\n\t\t\t\t\t\t\t<\/div>\n\t\t\t\t\t\t\t\t\t\t\t<\/div>\n\t\t\t\t<\/div>\n\t\t\t<\/div>\n\t\t\n\t\t\t\t\t\t<\/div>\n\t\t\t\t<\/div>\n\t\t\t\t\t<\/div>\n\t\t<\/div>\n\t\t\t\t\t<\/div>\n\t\t<\/section>\n\t\t\t\t<section class=\"elementor-section elementor-top-section elementor-element elementor-element-240361e elementor-section-full_width elementor-section-height-default elementor-section-height-default\" data-id=\"240361e\" data-element_type=\"section\" data-e-type=\"section\" data-settings=\"{&quot;background_background&quot;:&quot;classic&quot;}\">\n\t\t\t\t\t\t<div class=\"elementor-container elementor-column-gap-no\">\n\t\t\t\t\t<div class=\"elementor-column elementor-col-100 elementor-top-column elementor-element elementor-element-5497d5e\" data-id=\"5497d5e\" data-element_type=\"column\" data-e-type=\"column\">\n\t\t\t<div class=\"elementor-widget-wrap elementor-element-populated\">\n\t\t\t\t\t\t<div class=\"elementor-element elementor-element-02ba40e elementor-widget elementor-widget-arrigo-widget-cta\" data-id=\"02ba40e\" data-element_type=\"widget\" data-e-type=\"widget\" data-widget_type=\"arrigo-widget-cta.default\">\n\t\t\t\t<div class=\"elementor-widget-container\">\n\t\t\t\t\t\t\t<div class=\"section section-cta no\" data-os-animation=\"\">\n\t\t\t<div class=\"section__inner\">\n\t\t\t\t\t\t\t\t\t<div class=\"col section-cta__bg col-lg-6 offset-lg-6 jarallax\" data-speed=\"0.9\" data-img-size=\"contain\">\n\t\t\t\t\t\t\t\t\t\t\t\t\t\t\t\t\t\t<div class=\" lazy-bg\" >\n\t\t\t\t\t\t\t\t\t\t\t\t\t\t\t\t\t\t<img decoding=\"async\" class=\"jarallax-img of-contain of-cover\" src=\"data:image\/png;base64,iVBORw0KGgoAAAANSUhEUgAAAAEAAAABCAQAAAHCGzyUAAAABGdBTUEAALGPC\/xhBQAAADhlWElmTU0AKgAAAAgAAYdpAAQAAAABAAAAGgAAAAAAAqACAAQAAAABAAAAAaADAAQAAAABAAAAAQAAAADa6r\/EAAAAC0lEQVQI12NolQQAASYAn89qhTcAAAAASUVORK5CYII=\" data-src=\"https:\/\/clinicaemsi.com\/wp-content\/uploads\/2023\/07\/logo-clinica-02.webp\" data-srcset=\"https:\/\/clinicaemsi.com\/wp-content\/uploads\/2023\/07\/logo-clinica-02.webp 960w, https:\/\/clinicaemsi.com\/wp-content\/uploads\/2023\/07\/logo-clinica-02-300x289.webp 300w, https:\/\/clinicaemsi.com\/wp-content\/uploads\/2023\/07\/logo-clinica-02-768x740.webp 768w\" data-sizes=\"(max-width: 960px) 100vw, 960px\" alt=\"\" \/>\n\t\t\t\t\t\t\t\t\t\t\t\t\t\t<\/div>\n\t\t\t\t\t\t\t\t\t\t<\/div>\n\t\t\t\t\t\t\t\t<div class=\"container\">\n\t\t\t\t\t<div class=\"row align-items-center\">\n\t\t\t\t\t\t<div class=\"col-lg-6 section-cta__content col-lg-6\">\n\t\t\t\t\t\t\t\t\t\t\t\t\t\t\t<header class=\"section-cta__header\">\n\t\t\t\t\t\t\t\t\t\t\t\t\t\t\t\t\t\t\t<h2 >Agende um hor\u00e1rio e conhe\u00e7a a Cl\u00ednica<\/h2>\n\t\t\t\t\t\t\t\t\t\t\t\t\t\t\t\t\t\t\t\t\t\t\t\t\t\t\t\t<h4 >Fale conosco agora!<\/h4>\n\t\t\t\t\t\t\t\t\t\t\t\t\t\t\t\t\t<\/header>\n\t\t\t\t\t\t\t\t\t\t\t\t\t\t\t\t\t\t\t\t\t\t<div class=\"section-cta__wrapper-button\">\n\t\t\t\t\t\t\t\t\t\t\t\t\t\t\t\t\t\t<a class=\"button button_solid button_accent\" href=\"https:\/\/api.whatsapp.com\/send?phone=5528998868234\" target=\"_blank\" rel=\"nofollow\"><span >WHATSAPP<\/span><\/a>\n\t\t\t\t\t\t\t\t<\/div>\n\t\t\t\t\t\t\t\t\t\t\t\t\t<\/div>\n\t\t\t\t\t<\/div>\n\t\t\t\t<\/div>\n\t\t\t<\/div>\n\t\t\t\t\t\t\t<div class=\"section-cta__decor-el-1 d-none d-lg-block\"><\/div>\n\t\t\t\t\t\t\t\t\t<div class=\"overlay\"><\/div>\n\t\t<\/div>\n\n\t\t\t\t\t\t<\/div>\n\t\t\t\t<\/div>\n\t\t\t\t\t<\/div>\n\t\t<\/div>\n\t\t\t\t\t<\/div>\n\t\t<\/section>\n\t\t\t\t<\/div>\n\t\t","protected":false},"excerpt":{"rendered":"<p>Ci\u00eancia ABA An\u00e1lise do Comportamento Aplicada Desenvolvimento de crian\u00e7as com TEA. Terapia Ocupacional Desenvolvimento de habilidades motoras, autocuidado e independ\u00eancia Nutricionista Forma\u00e7\u00e3o de h\u00e1bitos alimentares saud\u00e1veis, preven\u00e7\u00e3o de doen\u00e7as Neuropsicologia Planejamento, implementa\u00e7\u00e3o de interven\u00e7\u00f5es e reabilita\u00e7\u00e3o Psicopedagogia Desenvolvimento cognitivo, estrat\u00e9gias personalizadas e comportamental Fonoaudiologia Desenvolvimento da linguagem, atrasos no desenvolvimento da fala Musicaliza\u00e7\u00e3o Desenvolvimento de [&hellip;]<\/p>\n","protected":false},"author":1,"featured_media":0,"parent":0,"menu_order":0,"comment_status":"closed","ping_status":"closed","template":"","meta":{"inline_featured_image":false,"footnotes":""},"class_list":["post-763","page","type-page","status-publish","hentry"],"acf":[],"aioseo_notices":[],"_links":{"self":[{"href":"https:\/\/clinicaemsi.com\/index.php?rest_route=\/wp\/v2\/pages\/763"}],"collection":[{"href":"https:\/\/clinicaemsi.com\/index.php?rest_route=\/wp\/v2\/pages"}],"about":[{"href":"https:\/\/clinicaemsi.com\/index.php?rest_route=\/wp\/v2\/types\/page"}],"author":[{"embeddable":true,"href":"https:\/\/clinicaemsi.com\/index.php?rest_route=\/wp\/v2\/users\/1"}],"replies":[{"embeddable":true,"href":"https:\/\/clinicaemsi.com\/index.php?rest_route=%2Fwp%2Fv2%2Fcomments&post=763"}],"version-history":[{"count":32,"href":"https:\/\/clinicaemsi.com\/index.php?rest_route=\/wp\/v2\/pages\/763\/revisions"}],"predecessor-version":[{"id":1510,"href":"https:\/\/clinicaemsi.com\/index.php?rest_route=\/wp\/v2\/pages\/763\/revisions\/1510"}],"wp:attachment":[{"href":"https:\/\/clinicaemsi.com\/index.php?rest_route=%2Fwp%2Fv2%2Fmedia&parent=763"}],"curies":[{"name":"wp","href":"https:\/\/api.w.org\/{rel}","templated":true}]}}